{"id":320,"date":"2019-03-27T10:56:23","date_gmt":"2019-03-27T09:56:23","guid":{"rendered":"https:\/\/tondarchatenet.com\/page-d-exemple\/"},"modified":"2019-04-08T15:12:21","modified_gmt":"2019-04-08T13:12:21","slug":"page-d-exemple","status":"publish","type":"page","link":"https:\/\/tondarchatenet.com\/de\/","title":{"rendered":"Home"},"content":{"rendered":"<p>[vc_row gap=&#8220;20&#8243; equal_height=&#8220;yes&#8220; content_placement=&#8220;top&#8220;][vc_column width=&#8220;1\/3&#8243;][vc_row_inner equal_height=&#8220;yes&#8220; css=&#8220;.vc_custom_1554138274912{background-image: url(https:\/\/tondarchatenet.com\/wp-content\/uploads\/2019\/04\/societe_tondarchatenet.jpg?id=10) !important;background-position: center !important;background-repeat: no-repeat !important;background-size: cover !important;}&#8220; el_class=&#8220;blocks-shadows&#8220;][vc_column_inner width=&#8220;5\/6&#8243; css=&#8220;.vc_custom_1554728697819{padding-bottom: 20% !important;background-color: rgba(255,255,255,0.75) !important;*background-color: rgb(255,255,255) !important;}&#8220;]<div id=\"ultimate-heading-38706a01d002db446\" class=\"uvc-heading ult-adjust-bottom-margin ultimate-heading-38706a01d002db446 uvc-3859 \" data-hspacer=\"image_only\"  data-halign=\"left\" style=\"text-align:left\"><div class=\"uvc-main-heading ult-responsive\"  data-ultimate-target='.uvc-heading.ultimate-heading-38706a01d002db446 h1'  data-responsive-json-new='{\"font-size\":\"\",\"line-height\":\"\"}' ><h1 style=\"font-weight:normal;margin-top:0px;\">Unser Unternehmen<\/h1><\/div><div class=\"uvc-heading-spacer image_only\" style=\"margin-bottom:0px;\"><img src=\"https:\/\/tondarchatenet.com\/wp-content\/uploads\/2019\/04\/laser-frontpage.png\" class=\"ultimate-headings-icon-image\" alt=\"null\" style=\"width:134px\"\/><\/div><\/div>[vc_column_text]<\/p>\n<p style=\"color: #000000;\">Tondar Chatenet GmbH hat sich auf qualitativ hochwertige Personalberatung und Executive Search spezialisiert. Wir unterst\u00fctzen Unternehmen bei der Rekrutierung von Middle und Top Managern sowie bei spezifischen HR-Projekten..<\/p>\n<p>&nbsp;<\/p>\n<p>&nbsp;<\/p>\n<p><a class=\"button  button_full_width button_size_2 button_js\" href=\"\/de\/unternehmen\" style=\"color:#ED2D38;\"    ><span class=\"button_label\">ERFAHREN SIE MEHR\u2026<\/span><\/a>\n[\/vc_column_text][\/vc_column_inner][vc_column_inner width=&#8220;1\/6&#8243;][\/vc_column_inner][\/vc_row_inner][\/vc_column][vc_column width=&#8220;1\/3&#8243;][vc_row_inner equal_height=&#8220;yes&#8220; css=&#8220;.vc_custom_1554138627284{background-image: url(https:\/\/tondarchatenet.com\/wp-content\/uploads\/2019\/04\/services_tondarchatenet.jpg?id=66) !important;background-position: center !important;background-repeat: no-repeat !important;background-size: cover !important;}&#8220; el_class=&#8220;blocks-shadows&#8220;][vc_column_inner width=&#8220;5\/6&#8243; css=&#8220;.vc_custom_1554464864826{padding-bottom: 18% !important;background-color: rgba(255,255,255,0.75) !important;*background-color: rgb(255,255,255) !important;}&#8220;]<div id=\"ultimate-heading-73436a01d002db645\" class=\"uvc-heading ult-adjust-bottom-margin ultimate-heading-73436a01d002db645 uvc-3174 \" data-hspacer=\"image_only\"  data-halign=\"left\" style=\"text-align:left\"><div class=\"uvc-main-heading ult-responsive\"  data-ultimate-target='.uvc-heading.ultimate-heading-73436a01d002db645 h1'  data-responsive-json-new='{\"font-size\":\"\",\"line-height\":\"\"}' ><h1 style=\"font-weight:normal;margin-top:0px;\">Unsere Dienstleistungen<\/h1><\/div><div class=\"uvc-heading-spacer image_only\" style=\"margin-bottom:0px;\"><img src=\"https:\/\/tondarchatenet.com\/wp-content\/uploads\/2019\/04\/laser-frontpage.png\" class=\"ultimate-headings-icon-image\" alt=\"null\" style=\"width:134px\"\/><\/div><\/div>[vc_column_text]<\/p>\n<p style=\"color: #000000;\">Wir sind landesweit und auf internationaler Ebene t\u00e4tig und arbeiten sowohl f\u00fcr kleine als auch f\u00fcr multinationale Unternehmen in staatlicher und privater Hand.<\/p>\n<ul style=\"color: #000000;\">\n<li>Executive Search<\/li>\n<li>Spezifisches HR-Projektmanagement<\/li>\n<li>Karrieremanagement und Kompetenzbilanz<\/li>\n<\/ul>\n<p><a class=\"button  button_full_width button_size_2 button_js\" href=\"\/de\/dienstleistungen\" style=\"color:#ED2D38;\"    ><span class=\"button_label\">ERFAHREN SIE MEHR\u2026<\/span><\/a>\n[\/vc_column_text][\/vc_column_inner][vc_column_inner width=&#8220;1\/6&#8243;][\/vc_column_inner][\/vc_row_inner][\/vc_column][vc_column width=&#8220;1\/3&#8243;][vc_row_inner equal_height=&#8220;yes&#8220; css=&#8220;.vc_custom_1554138635708{background-image: url(https:\/\/tondarchatenet.com\/wp-content\/uploads\/2019\/04\/candidature_tondarchatenet.jpg?id=67) !important;background-position: center !important;background-repeat: no-repeat !important;background-size: cover !important;}&#8220; el_class=&#8220;blocks-shadows&#8220;][vc_column_inner width=&#8220;5\/6&#8243; css=&#8220;.vc_custom_1554728712543{padding-bottom: 20% !important;background-color: rgba(255,255,255,0.75) !important;*background-color: rgb(255,255,255) !important;}&#8220;]<div id=\"ultimate-heading-3586a01d002db7ff\" class=\"uvc-heading ult-adjust-bottom-margin ultimate-heading-3586a01d002db7ff uvc-3274 \" data-hspacer=\"image_only\"  data-halign=\"left\" style=\"text-align:left\"><div class=\"uvc-main-heading ult-responsive\"  data-ultimate-target='.uvc-heading.ultimate-heading-3586a01d002db7ff h1'  data-responsive-json-new='{\"font-size\":\"\",\"line-height\":\"\"}' ><h1 style=\"font-weight:normal;margin-top:0px;\">Ihre Initiativbewerbung<\/h1><\/div><div class=\"uvc-heading-spacer image_only\" style=\"margin-bottom:0px;\"><img src=\"https:\/\/tondarchatenet.com\/wp-content\/uploads\/2019\/04\/laser-frontpage.png\" class=\"ultimate-headings-icon-image\" alt=\"null\" style=\"width:134px\"\/><\/div><\/div>[vc_column_text]<\/p>\n<p style=\"color: #000000;\">Sie finden keine Stelle, die Ihrem Profil entspricht? Schicken Sie uns Ihren Lebenslauf! Unsere Kunden sind st\u00e4ndig auf der Suche nach neuen und qualifizierten Mitarbeitern \u2013 wir werden Ihnen entsprechende Angebote unterbreiten.<\/p>\n<p>&nbsp;<\/p>\n<p>&nbsp;<\/p>\n<p><a class=\"button  button_full_width button_size_2 button_js\" href=\"\/de\/bewerbung\" style=\"color:#ED2D38;\"    ><span class=\"button_label\">ERFAHREN SIE MEHR\u2026<\/span><\/a>\n[\/vc_column_text][\/vc_column_inner][vc_column_inner width=&#8220;1\/6&#8243;][\/vc_column_inner][\/vc_row_inner][\/vc_column][\/vc_row][vc_row css=&#8220;.vc_custom_1554139847007{margin-top: 5% !important;margin-bottom: 5% !important;}&#8220;][vc_column][vc_column_text]<\/p>\n<blockquote style=\"text-align: center; color: #ffffff; font-family: Times New Roman, Times, serif;\"><p>\u00ab\u00a0Wir f\u00fchren Sie zum Erfolg \u2013 von Berufs wegen und aus Leidenschaft\u2026\u00a0\u00bb<\/p><\/blockquote>\n<p>[\/vc_column_text][vc_column_text css=&#8220;.vc_custom_1554469560910{padding-top: 3% !important;}&#8220;]<a class=\"button  button_full_width button_size_2 button_js\" href=\"\/de\/lebenslauf\"    ><span class=\"button_label\">BIOGRAFIE<\/span><\/a>\n[\/vc_column_text][\/vc_column][\/vc_row]<\/p>\n","protected":false},"excerpt":{"rendered":"<p>[vc_row gap=&#8220;20&#8243; equal_height=&#8220;yes&#8220; content_placement=&#8220;top&#8220;][vc_column width=&#8220;1\/3&#8243;][vc_row_inner equal_height=&#8220;yes&#8220; css=&#8220;.vc_custom_1554138274912{background-image: url(https:\/\/tondarchatenet.com\/wp-content\/uploads\/2019\/04\/societe_tondarchatenet.jpg?id=10) !important;background-position: center !important;background-repeat: no-repeat !important;background-size: cover !important;}&#8220; el_class=&#8220;blocks-shadows&#8220;][vc_column_inner width=&#8220;5\/6&#8243; css=&#8220;.vc_custom_1554728697819{padding-bottom: 20% !important;background-color: rgba(255,255,255,0.75) !important;*background-color: rgb(255,255,255) !important;}&#8220;][vc_column_text] Tondar Chatenet<span class=\"excerpt-hellip\"> [\u2026]<\/span><\/p>\n","protected":false},"author":1,"featured_media":0,"parent":0,"menu_order":0,"comment_status":"closed","ping_status":"open","template":"","meta":[],"_links":{"self":[{"href":"https:\/\/tondarchatenet.com\/de\/wp-json\/wp\/v2\/pages\/320\/"}],"collection":[{"href":"https:\/\/tondarchatenet.com\/de\/wp-json\/wp\/v2\/pages\/"}],"about":[{"href":"https:\/\/tondarchatenet.com\/de\/wp-json\/wp\/v2\/types\/page\/"}],"author":[{"embeddable":true,"href":"https:\/\/tondarchatenet.com\/de\/wp-json\/wp\/v2\/users\/1\/"}],"replies":[{"embeddable":true,"href":"https:\/\/tondarchatenet.com\/de\/wp-json\/wp\/v2\/comments\/?post=320"}],"version-history":[{"count":14,"href":"https:\/\/tondarchatenet.com\/de\/wp-json\/wp\/v2\/pages\/320\/revisions\/"}],"predecessor-version":[{"id":434,"href":"https:\/\/tondarchatenet.com\/de\/wp-json\/wp\/v2\/pages\/320\/revisions\/434\/"}],"wp:attachment":[{"href":"https:\/\/tondarchatenet.com\/de\/wp-json\/wp\/v2\/media\/?parent=320"}],"curies":[{"name":"wp","href":"https:\/\/api.w.org\/{rel}","templated":true}]}}